{"id":1148,"date":"2023-09-22T14:32:46","date_gmt":"2023-09-22T14:32:46","guid":{"rendered":"https:\/\/www.lacompatibile.com\/privacy-policy\/"},"modified":"2025-11-04T07:47:46","modified_gmt":"2025-11-04T07:47:46","slug":"privacy-policy","status":"publish","type":"page","link":"https:\/\/www.lacompatibile.com\/en\/privacy-policy\/","title":{"rendered":"Privacy Policy"},"content":{"rendered":"<p><div class=\"fusion-fullwidth fullwidth-box fusion-builder-row-1 fusion-flex-container has-pattern-background has-mask-background nonhundred-percent-fullwidth non-hundred-percent-height-scrolling\" style=\"--awb-border-radius-top-left:0px;--awb-border-radius-top-right:0px;--awb-border-radius-bottom-right:0px;--awb-border-radius-bottom-left:0px;--awb-flex-wrap:wrap;\" ><div class=\"fusion-builder-row fusion-row fusion-flex-align-items-flex-start fusion-flex-content-wrap\" style=\"max-width:1996.8px;margin-left: calc(-4% \/ 2 );margin-right: calc(-4% \/ 2 );\"><div class=\"fusion-layout-column fusion_builder_column fusion-builder-column-0 fusion_builder_column_1_1 1_1 fusion-flex-column\" style=\"--awb-bg-size:cover;--awb-width-large:100%;--awb-margin-top-large:0px;--awb-spacing-right-large:1.92%;--awb-margin-bottom-large:20px;--awb-spacing-left-large:1.92%;--awb-width-medium:100%;--awb-order-medium:0;--awb-spacing-right-medium:1.92%;--awb-spacing-left-medium:1.92%;--awb-width-small:100%;--awb-order-small:0;--awb-spacing-right-small:1.92%;--awb-spacing-left-small:1.92%;\"><div class=\"fusion-column-wrapper fusion-column-has-shadow fusion-flex-justify-content-flex-start fusion-content-layout-column\"><div class=\"fusion-title title fusion-title-1 fusion-sep-none fusion-title-text fusion-title-size-three\" style=\"--awb-text-color:var(--awb-color2);--awb-margin-bottom:30px;\"><h3 class=\"fusion-title-heading title-heading-left fusion-responsive-typography-calculated\" style=\"margin:0;--fontSize:36;line-height:var(--awb-typography1-line-height);\">Informativa Privacy &#8211; Regolamento (UE) 2016\/679<\/h3><\/div><div class=\"fusion-text fusion-text-1\"><p><strong>Business Lacompatibile di La Compatibile.it S.r.l. &#8211; Socio Unico<\/strong> con sede legale in Via Amleto Grazia 7\/A 40069 Zola Predosa (BO) P.IVA n. 03163771201 (nel seguito: Business Lacompatibile) \u2013 ideatore e promotore del sito www.lacompatibile.it (di seguito: &#8220;Sito&#8221;), si riserva il diritto di utilizzare i dati personali, forniti volontariamente dagli utenti, nel rispetto delle vigenti normative.<\/p>\n<p>Questo documento le permetter\u00e0 di conoscere la nostra politica sulla privacy per capire come le sue informazioni personali vengono gestite quando utilizza i nostri servizi e per consentirle di prestare un consenso al trattamento dei suoi dati personali espresso e consapevole nelle sezioni del Sito.<\/p>\n<p>Si tratta di un&#8217;informativa che \u00e8 resa della normativa vigente in materia di protezione dei dati personali e del <strong>Regolamento UE<\/strong> in materia di protezione dei dati personali (<strong>UE 2016\/679<\/strong>).<\/p>\n<p>L&#8217;informativa \u00e8 resa solo per il presente Sito e non anche per altri siti web eventualmente consultati dall&#8217;utente tramite link.<\/p>\n<h4>Titolare e Responsabili del trattamento<\/h4>\n<p>Il titolare del trattamento per i dati raccolti attraverso il sito \u00e8 <strong>Business Lacompatibile<\/strong> indirizzo email info@lacompatibile.it Tutti i dati raccolti saranno trattati presso la sede del titolare del trattamento, salvo quanto altrimenti specificato nella presente Privacy Policy L&#8217;elenco aggiornato dei Responsabili del trattamento \u00e8 reperibile presso la Sede del Titolare del Trattamento, al quale Lei potr\u00e0 rivolgersi in ogni momento.<\/p>\n<p>Il titolare tratta i dati personali degli utenti adottando le opportune misure di sicurezza volte ad impedire l&#8217;accesso, la divulgazione, la modifica o la distruzione non autorizzate dei dati personali. Il trattamento viene effettuato mediante strumenti informatici e\/o telematici, con modalit\u00e0 organizzative e con logiche strettamente correlate alle finalit\u00e0 indicate. Tuttavia <strong>Business Lacompatibile <\/strong>non pu\u00f2 garantire ai propri utenti che le misure adottate per la sicurezza del sito e della trasmissione dei dati e delle informazioni sul Sito siano in grado di limitare o escludere qualsiasi rischio di accesso non consentito o di dispersione dei dati da parte di dispositivi di pertinenza dell&#8217;utente. Per tale motivo, suggeriamo agli utenti del Sito di assicurarsi che il proprio computer sia dotato di software adeguati per la protezione della trasmissione in rete di dati (ad esempio antivirus aggiornati) e che il proprio Internet Provider abbia adottato misure idonee per la sicurezza della trasmissione di dati in rete.<\/p>\n<h4>Finalit\u00e0 e base giuridica del trattamento<\/h4>\n<h5>Art. 6 b Reg.<\/h5>\n<p>Il trattamento che intendiamo effettuare ha la finalit\u00e0 di consentire l&#8217;erogazione dei Servizi da lei richiesti.<\/p>\n<p>I suoi dati personali sono altres\u00ec trattati per assolvere obblighi di legge, contabili e fiscali, nonch\u00e9 per consentire la navigazione e la consultazione del Sito.<\/p>\n<p>Specifichiamo poi che le finalit\u00e0 del trattamento riguardano altres\u00ec la raccolta, conservazione ed elaborazione dei suoi dati per compiere analisi statistiche in forma anonima e\/o aggregata, senza possibilit\u00e0 di identificarla, volti alla verifica della qualit\u00e0 dei servizi offerti.<\/p>\n<p>Infine, l&#8217;invio facoltativo, esplicito e volontario di posta elettronica agli indirizzi indicati su questo Sito comporta la successiva acquisizione dell&#8217;indirizzo del mittente, necessario per rispondere alle richieste, nonch\u00e9 degli eventuali altri dati personali inseriti nella missiva.<\/p>\n<h4>Comunicazione e diffusione dei dati personali comuni<\/h4>\n<h5>Art. 13.1.f. Reg.<\/h5>\n<p>Oltre al titolare, in alcuni casi, potrebbero avere accesso ai dati personali categorie di incaricati coinvolti nell&#8217;organizzazione del sito (personale amministrativo, commerciale, marketing, legali, amministratori di sistema) ovvero soggetti esterni (come fornitori di servizi tecnici terzi, corrieri postali, hosting provider, societ\u00e0 informatiche, agenzie di comunicazione) nominati anche, se necessario, responsabili del trattamento da parte del titolare.<\/p>\n<p>In caso di pagamento con carta di credito, le informazioni fondamentali per l\u2019esecuzione della transazione (numero della carta di credito\/debito, data di scadenza, codice di sicurezza) sono trattate direttamente dall\u2019ente gestore bancario del servizio di pagamento elettronico di volta in volta utilizzato, tramite protocollo crittografato, senza che terzi possano, in alcun modo, avervi accesso. Queste informazioni non saranno comunque mai visualizzate n\u00e9 memorizzate da parte di <strong>Business Lacompatibile<\/strong>.<\/p>\n<p>I dati personali sono trattati con strumenti automatizzati per il tempo strettamente necessario a conseguire gli scopi per cui sono stati raccolti secondo quanto previsto dall&#8217;art. 11, lett. e) del Codice Privacy.<\/p>\n<p>I suoi dati personali non saranno oggetto di diffusione.<\/p>\n<p>I suoi dati non saranno trasferiti ad un paese terzo o a un&#8217;organizzazione internazionale.<\/p>\n<h4>Natura obbligatoria o facoltativa del conferimento dei dati e conseguenze di un eventuale rifiuto di rispondere<\/h4>\n<h5>Art. 13.2.e Reg.<\/h5>\n<p>Il conferimento dei dati \u00e8 facoltativo, tuttavia l&#8217;eventuale rifiuto di conferirli pu\u00f2 comportare l&#8217;impossibilit\u00e0 per <strong>Business Lacompatibile<\/strong> di fornire il servizio richiesto.<\/p>\n<p>L\u2019eventuale suo mancato consenso al trattamento dei dati per finalit\u00e0 di marketing non avr\u00e0 alcuna conseguenza; in ogni caso il consenso prestato potr\u00e0 essere da lei revocato in qualunque momento.<\/p>\n<h4>Tipi di dati trattati<\/h4>\n<p><em>Dati di navigazione<\/em><\/p>\n<p>I sistemi informatici e le procedure software preposte al funzionamento del Sito acquisiscono, nel corso del loro normale esercizio, alcuni dati personali la cui trasmissione \u00e8 implicita nell&#8217;uso dei protocolli di comunicazione di Internet.<\/p>\n<p>Si tratta di informazioni che non sono raccolte per essere associate a interessati identificati, ma che per loro stessa natura potrebbero, attraverso elaborazioni ed associazioni con dati detenuti da terzi, permettere di identificare gli utenti.<\/p>\n<p>In questa categoria di dati rientrano gli indirizzi IP o i nomi a dominio dei computer utilizzati dagli utenti che si connettono al sito, gli indirizzi in notazione URI (Uniform Resource Identifier) delle risorse richieste, l&#8217;orario della richiesta, il metodo utilizzato nel sottoporre la richiesta al server, la dimensione del file ottenuto in risposta, il codice numerico indicante lo stato della risposta data dal server (buon fine, errore, ecc.) ed altri parametri relativi al sistema operativo e all&#8217;ambiente informatico dell&#8217;utente.<\/p>\n<p>Questi dati vengono utilizzati al solo fine di ricavare informazioni statistiche anonime sull&#8217;uso del sito e per controllarne il corretto funzionamento e vengono cancellati immediatamente dopo l&#8217;elaborazione. I dati potrebbero essere utilizzati per l&#8217;accertamento di responsabilit\u00e0 in caso di ipotetici reati informatici ai danni del Sito o a terzi: salva questa eventualit\u00e0, allo stato i dati sui contatti web non vengono conservati in maniera permanente.<\/p>\n<p><em>Altri dati personali<\/em><\/p>\n<p>Altri suoi dati personali \u2013 quali, a titolo esemplificativo e non esaustivo: indirizzo e-mail, nome, cognome \u2013 sono trattati per l&#8217;erogazione del servizio ed eventualmente per l&#8217;invio della newsletter o di comunicazioni promozionali, ove previsto.<\/p>\n<p><em>Facebook Social plugins e altri Social Networks<\/em><\/p>\n<p>Le nostre pagine web e APPS potrebbero contenere plug-in del social networks (es. Facebook, Twitter, Google+, Pinterest, ecc\u2026). Se si accede a una delle nostre pagine web dotata di un simile plug-in, il browser internet si collega direttamente ai server del social network e il plug-in viene visualizzato sullo schermo grazie alla connessione con il browser. Se un interessato utente di un social networks visita le nostre pagine web, mentre \u00e8 collegato al proprio account social, i suoi dati personali potrebbero essere associati all\u2019account social. Anche nel caso in cui si utilizzino le funzioni del plug-in, le informazioni saranno associate all\u2019account social. Ulteriori informazioni sulla raccolta e sull\u2019utilizzo dei dati da parte dei social networks in genere, nonch\u00e9 sui diritti e sulle modalit\u00e0 disponibili per proteggere la privacy dell\u2019interessato in tale contesto, sono presenti nelle pagine dei social network dell\u2019account, sulla protezione dei dati. Se l\u2019interessato non desidera associare la visita alle nostre pagine web al proprio account social, deve effettuare il log-off dal social network, prima di visitarle.<\/p>\n<h5>Art. 13.2.b. Reg.<\/h5>\n<p>Le ricordiamo che in ogni momento potr\u00e0 esercitare i suoi diritti e chiedere al titolare del trattamento l&#8217;accesso ai dati personali e la rettifica o la cancellazione degli stessi o la limitazione del trattamento che lo riguardano o di opporsi al trattamento, oltre al diritto alla portabilit\u00e0 dei dati. Per esercitare i suoi diritti potr\u00e0 contattare il titolare senza alcuna formalit\u00e0 scrivendo a info@lacompatibile.it<\/p>\n<h5>Art. 20 Reg.<\/h5>\n<p>Lei ha il diritto di ricevere in un formato strutturato, di uso comune e leggibile da dispositivo automatico i dati personali che lo riguardano e ha il diritto di trasmettere tali dati a un altro titolare del trattamento senza impedimenti.<\/p>\n<h5>Art. 77 Reg.<\/h5>\n<p>Fatto salvo ogni altro ricorso amministrativo o giurisdizionale, se Lei ritiene che il trattamento che lo riguarda violi il regolamento ha il diritto di proporre reclamo al Garante per la protezione dei dati personali (http:\/\/www.garanteprivacy.it\/web\/guest)<\/p>\n<p>Salvo quanto diversamente specificato, la precedente Privacy Policy continuer\u00e0 ad applicarsi ai dati personali sino a quel momento raccolti.<\/p>\n<p>Privacy Policy aggiornata a <strong>ottobre 2018<\/strong><\/p>\n<\/div><\/div><\/div><\/div><\/div><div class=\"fusion-fullwidth fullwidth-box fusion-builder-row-2 fusion-flex-container has-pattern-background has-mask-background nonhundred-percent-fullwidth non-hundred-percent-height-scrolling\" style=\"--awb-border-radius-top-left:0px;--awb-border-radius-top-right:0px;--awb-border-radius-bottom-right:0px;--awb-border-radius-bottom-left:0px;--awb-flex-wrap:wrap;\" ><div class=\"fusion-builder-row fusion-row fusion-flex-align-items-flex-start fusion-flex-content-wrap\" style=\"max-width:1996.8px;margin-left: calc(-4% \/ 2 );margin-right: calc(-4% \/ 2 );\"><div class=\"fusion-layout-column fusion_builder_column fusion-builder-column-1 fusion_builder_column_1_1 1_1 fusion-flex-column\" style=\"--awb-bg-size:cover;--awb-width-large:100%;--awb-margin-top-large:0px;--awb-spacing-right-large:1.92%;--awb-margin-bottom-large:20px;--awb-spacing-left-large:1.92%;--awb-width-medium:100%;--awb-order-medium:0;--awb-spacing-right-medium:1.92%;--awb-spacing-left-medium:1.92%;--awb-width-small:100%;--awb-order-small:0;--awb-spacing-right-small:1.92%;--awb-spacing-left-small:1.92%;\"><div class=\"fusion-column-wrapper fusion-column-has-shadow fusion-flex-justify-content-flex-start fusion-content-layout-column\"><div class=\"fusion-title title fusion-title-2 fusion-sep-none fusion-title-text fusion-title-size-three\" style=\"--awb-text-color:var(--awb-color2);--awb-margin-bottom:30px;\"><h3 class=\"fusion-title-heading title-heading-left fusion-responsive-typography-calculated\" style=\"margin:0;--fontSize:36;line-height:var(--awb-typography1-line-height);\">Cookie policy<\/h3><\/div><div class=\"fusion-text fusion-text-2\"><h4>Cosa sono i &#8216;cookies&#8217;?<\/h4>\n<p>I cookie sono piccoli file di testo che possono essere utilizzati dai siti web per rendere pi\u00f9 efficiente l&#8217;esperienza per l&#8217;utente.<br \/>\nLa legge afferma che possiamo memorizzare i cookie sul suo dispositivo se sono strettamente necessari per il funzionamento di questo sito. Per tutti gli altri tipi di cookie abbiamo bisogno del suo permesso.<br \/>\nUtilizziamo i cookie per migliorare l&#8217;esperienza utente e per analizzare il nostro traffico. Condividiamo inoltre informazioni sul modo in cui utilizza il nostro sito con i nostri partner che si occupano di analisi dei dati web.<\/p>\n<h4>Lista cookie<\/h4>\n<p><strong>Tecnici &#8211; <em>Sono presenti cookie tecnici<\/em><\/strong><br \/>\nI cookie necessari aiutano a contribuire a rendere fruibile un sito web abilitando le funzioni di base come la navigazione della pagina e l&#8217;accesso alle aree protette del sito. Il sito web non pu\u00f2 funzionare correttamente senza questi cookie.<\/p>\n<p><strong>Preferenze &#8211; <em>Non sono presenti cookie preferenze<\/em><\/strong><br \/>\nI cookie per le preferenze consentono a un sito web di ricordare le informazioni che influenzano il modo in cui il sito si comporta o si presenta, come la lingua preferita o la regione che ti trovi.<\/p>\n<p><strong>Statistici &#8211; <em>Non sono presenti cookie statistici<br \/>\n<\/em><\/strong>I cookie statistici aiutano i proprietari del sito web a capire come i visitatori interagiscono con i siti raccogliendo e trasmettendo informazioni in forma anonima.<\/p>\n<p><strong>Marketing &#8211; <em>Non sono presenti cookie statistici<br \/>\n<\/em><\/strong>I cookie per il marketing vengono utilizzati per monitorare i visitatori nei siti web. L&#8217;intento \u00e8 quello di visualizzare annunci pertinenti e coinvolgenti per il singolo utente e quindi quelli di maggior valore per gli editori e gli inserzionisti terzi.<\/p>\n<p><strong>Non classificati &#8211; <em>Non sono presenti cookie statistici<br \/>\n<\/em><\/strong>I cookie non classificati sono i cookie che sono in fase di classificazione, insieme ai fornitori di cookie individuali.<\/p>\n<div class=\"table-responsive\">\n<div class=\"table-responsive\">\n<div class=\"table-responsive\"><\/div>\n<\/div>\n<\/div>\n<\/div><\/div><\/div><\/div><\/div><\/p>\n","protected":false},"excerpt":{"rendered":"","protected":false},"author":1,"featured_media":0,"parent":0,"menu_order":0,"comment_status":"closed","ping_status":"closed","template":"","meta":{"footnotes":""},"class_list":["post-1148","page","type-page","status-publish","hentry"],"_links":{"self":[{"href":"https:\/\/www.lacompatibile.com\/en\/wp-json\/wp\/v2\/pages\/1148","targetHints":{"allow":["GET"]}}],"collection":[{"href":"https:\/\/www.lacompatibile.com\/en\/wp-json\/wp\/v2\/pages"}],"about":[{"href":"https:\/\/www.lacompatibile.com\/en\/wp-json\/wp\/v2\/types\/page"}],"author":[{"embeddable":true,"href":"https:\/\/www.lacompatibile.com\/en\/wp-json\/wp\/v2\/users\/1"}],"replies":[{"embeddable":true,"href":"https:\/\/www.lacompatibile.com\/en\/wp-json\/wp\/v2\/comments?post=1148"}],"version-history":[{"count":10,"href":"https:\/\/www.lacompatibile.com\/en\/wp-json\/wp\/v2\/pages\/1148\/revisions"}],"predecessor-version":[{"id":1330,"href":"https:\/\/www.lacompatibile.com\/en\/wp-json\/wp\/v2\/pages\/1148\/revisions\/1330"}],"wp:attachment":[{"href":"https:\/\/www.lacompatibile.com\/en\/wp-json\/wp\/v2\/media?parent=1148"}],"curies":[{"name":"wp","href":"https:\/\/api.w.org\/{rel}","templated":true}]}}